{"id":348,"date":"2026-03-21T10:10:15","date_gmt":"2026-03-21T10:10:15","guid":{"rendered":"https:\/\/eurobempet.com\/product\/\/"},"modified":"2026-03-24T09:54:58","modified_gmt":"2026-03-24T09:54:58","slug":"eco-collection","status":"publish","type":"product","link":"https:\/\/eurobempet.com\/es\/product\/coleccion-ecologica\/","title":{"rendered":"Colecci\u00f3n ecol\u00f3gica de art\u00edculos para comer y beber para perros"},"content":{"rendered":"","protected":false},"featured_media":0,"template":"","meta":{"_acf_changed":true},"categories":[11],"tags":[],"class_list":["post-348","product","type-product","status-publish","hentry","category-perros"],"acf":[],"_links":{"self":[{"href":"https:\/\/eurobempet.com\/es\/wp-json\/wp\/v2\/product\/348","targetHints":{"allow":["GET"]}}],"collection":[{"href":"https:\/\/eurobempet.com\/es\/wp-json\/wp\/v2\/product"}],"about":[{"href":"https:\/\/eurobempet.com\/es\/wp-json\/wp\/v2\/types\/product"}],"wp:attachment":[{"href":"https:\/\/eurobempet.com\/es\/wp-json\/wp\/v2\/media?parent=348"}],"wp:term":[{"taxonomy":"category","embeddable":true,"href":"https:\/\/eurobempet.com\/es\/wp-json\/wp\/v2\/categories?post=348"},{"taxonomy":"post_tag","embeddable":true,"href":"https:\/\/eurobempet.com\/es\/wp-json\/wp\/v2\/tags?post=348"}],"curies":[{"name":"wp","href":"https:\/\/api.w.org\/{rel}","templated":true}]}}