{"id":147,"date":"2026-02-27T08:21:48","date_gmt":"2026-02-27T08:21:48","guid":{"rendered":"https:\/\/eurobempet.com\/product\/\/"},"modified":"2026-04-28T09:40:58","modified_gmt":"2026-04-28T09:40:58","slug":"test-1","status":"publish","type":"product","link":"https:\/\/eurobempet.com\/fr\/product\/test-1\/","title":{"rendered":"Friandise fonctionnalis\u00e9e \u00e0 m\u00e2cher pour chiens"},"content":{"rendered":"","protected":false},"featured_media":0,"template":"","meta":{"_acf_changed":true},"categories":[11],"tags":[15],"class_list":["post-147","product","type-product","status-publish","hentry","category-chiens","tag-friandises-dentaires"],"acf":[],"_links":{"self":[{"href":"https:\/\/eurobempet.com\/fr\/wp-json\/wp\/v2\/product\/147","targetHints":{"allow":["GET"]}}],"collection":[{"href":"https:\/\/eurobempet.com\/fr\/wp-json\/wp\/v2\/product"}],"about":[{"href":"https:\/\/eurobempet.com\/fr\/wp-json\/wp\/v2\/types\/product"}],"wp:attachment":[{"href":"https:\/\/eurobempet.com\/fr\/wp-json\/wp\/v2\/media?parent=147"}],"wp:term":[{"taxonomy":"category","embeddable":true,"href":"https:\/\/eurobempet.com\/fr\/wp-json\/wp\/v2\/categories?post=147"},{"taxonomy":"post_tag","embeddable":true,"href":"https:\/\/eurobempet.com\/fr\/wp-json\/wp\/v2\/tags?post=147"}],"curies":[{"name":"wp","href":"https:\/\/api.w.org\/{rel}","templated":true}]}}