{"id":232,"date":"2026-02-28T14:42:24","date_gmt":"2026-02-28T14:42:24","guid":{"rendered":"https:\/\/eurobempet.com\/product\/\/"},"modified":"2026-03-24T15:32:12","modified_gmt":"2026-03-24T15:32:12","slug":"handwoven","status":"publish","type":"product","link":"https:\/\/eurobempet.com\/fr\/product\/handwoven\/","title":{"rendered":"Jouets en herbe tiss\u00e9s \u00e0 la main et perchoir en bois pour oiseaux de compagnie"},"content":{"rendered":"<p>Magnifiquement confectionn\u00e9 \u00e0 partir de fibres naturelles tiss\u00e9es.<\/p>\n","protected":false},"featured_media":0,"template":"","meta":{"_acf_changed":true},"categories":[14],"tags":[],"class_list":["post-232","product","type-product","status-publish","hentry","category-oiseaux-de-jardin-et-de-compagnie"],"acf":[],"_links":{"self":[{"href":"https:\/\/eurobempet.com\/fr\/wp-json\/wp\/v2\/product\/232","targetHints":{"allow":["GET"]}}],"collection":[{"href":"https:\/\/eurobempet.com\/fr\/wp-json\/wp\/v2\/product"}],"about":[{"href":"https:\/\/eurobempet.com\/fr\/wp-json\/wp\/v2\/types\/product"}],"wp:attachment":[{"href":"https:\/\/eurobempet.com\/fr\/wp-json\/wp\/v2\/media?parent=232"}],"wp:term":[{"taxonomy":"category","embeddable":true,"href":"https:\/\/eurobempet.com\/fr\/wp-json\/wp\/v2\/categories?post=232"},{"taxonomy":"post_tag","embeddable":true,"href":"https:\/\/eurobempet.com\/fr\/wp-json\/wp\/v2\/tags?post=232"}],"curies":[{"name":"wp","href":"https:\/\/api.w.org\/{rel}","templated":true}]}}