{"id":371,"date":"2026-03-23T07:57:42","date_gmt":"2026-03-23T07:57:42","guid":{"rendered":"https:\/\/eurobempet.com\/product\/\/"},"modified":"2026-03-24T09:52:42","modified_gmt":"2026-03-24T09:52:42","slug":"cat-stylish-scratchers-and-livings","status":"publish","type":"product","link":"https:\/\/eurobempet.com\/fr\/product\/griffoirs-et-accessoires-de-decoration-pour-chats\/","title":{"rendered":"Des espaces \u00e9l\u00e9gants o\u00f9 les chats peuvent jouer, se frotter et se reposer"},"content":{"rendered":"","protected":false},"featured_media":0,"template":"","meta":{"_acf_changed":true},"categories":[23],"tags":[],"class_list":["post-371","product","type-product","status-publish","hentry","category-chats"],"acf":[],"_links":{"self":[{"href":"https:\/\/eurobempet.com\/fr\/wp-json\/wp\/v2\/product\/371","targetHints":{"allow":["GET"]}}],"collection":[{"href":"https:\/\/eurobempet.com\/fr\/wp-json\/wp\/v2\/product"}],"about":[{"href":"https:\/\/eurobempet.com\/fr\/wp-json\/wp\/v2\/types\/product"}],"wp:attachment":[{"href":"https:\/\/eurobempet.com\/fr\/wp-json\/wp\/v2\/media?parent=371"}],"wp:term":[{"taxonomy":"category","embeddable":true,"href":"https:\/\/eurobempet.com\/fr\/wp-json\/wp\/v2\/categories?post=371"},{"taxonomy":"post_tag","embeddable":true,"href":"https:\/\/eurobempet.com\/fr\/wp-json\/wp\/v2\/tags?post=371"}],"curies":[{"name":"wp","href":"https:\/\/api.w.org\/{rel}","templated":true}]}}