{"id":97,"date":"2026-02-18T09:33:07","date_gmt":"2026-02-18T09:33:07","guid":{"rendered":"https:\/\/eurobempet.com\/?post_type=product&#038;p=97"},"modified":"2026-04-28T06:54:43","modified_gmt":"2026-04-28T06:54:43","slug":"cow-hide-chew-sticks-with-tsuyahime-rice-bran","status":"publish","type":"product","link":"https:\/\/eurobempet.com\/fr\/product\/batonnets-a-macher-en-peau-de-vache-avec-son-de-riz-tsuyahime\/","title":{"rendered":"B\u00e2tonnets \u00e0 m\u00e2cher en peau de vache Wagyu avec son de riz TSUYAHIME"},"content":{"rendered":"","protected":false},"featured_media":0,"template":"","meta":{"_acf_changed":true},"categories":[11],"tags":[15],"class_list":["post-97","product","type-product","status-publish","hentry","category-chiens","tag-friandises-dentaires"],"acf":[],"_links":{"self":[{"href":"https:\/\/eurobempet.com\/fr\/wp-json\/wp\/v2\/product\/97","targetHints":{"allow":["GET"]}}],"collection":[{"href":"https:\/\/eurobempet.com\/fr\/wp-json\/wp\/v2\/product"}],"about":[{"href":"https:\/\/eurobempet.com\/fr\/wp-json\/wp\/v2\/types\/product"}],"wp:attachment":[{"href":"https:\/\/eurobempet.com\/fr\/wp-json\/wp\/v2\/media?parent=97"}],"wp:term":[{"taxonomy":"category","embeddable":true,"href":"https:\/\/eurobempet.com\/fr\/wp-json\/wp\/v2\/categories?post=97"},{"taxonomy":"post_tag","embeddable":true,"href":"https:\/\/eurobempet.com\/fr\/wp-json\/wp\/v2\/tags?post=97"}],"curies":[{"name":"wp","href":"https:\/\/api.w.org\/{rel}","templated":true}]}}